{"id":174,"date":"2023-05-25T21:18:21","date_gmt":"2023-05-25T21:18:21","guid":{"rendered":"https:\/\/psicopol.net\/?page_id=174"},"modified":"2023-05-25T21:19:28","modified_gmt":"2023-05-25T21:19:28","slug":"politica-de-cookies","status":"publish","type":"page","link":"https:\/\/psicopol.net\/index.php\/politica-de-cookies\/","title":{"rendered":"Pol\u00edtica de cookies"},"content":{"rendered":"\t\t<div data-elementor-type=\"wp-page\" data-elementor-id=\"174\" class=\"elementor elementor-174\" data-elementor-post-type=\"page\">\n\t\t\t\t<div class=\"elementor-element elementor-element-60f6a78 e-flex e-con-boxed e-con e-parent\" data-id=\"60f6a78\" data-element_type=\"container\">\n\t\t\t\t\t<div class=\"e-con-inner\">\n\t\t\t\t<div class=\"elementor-element elementor-element-b4d16f4 elementor-widget elementor-widget-text-editor\" data-id=\"b4d16f4\" data-element_type=\"widget\" data-widget_type=\"text-editor.default\">\n\t\t\t\t<div class=\"elementor-widget-container\">\n\t\t\t\t\t\t\t\t\t<p class=\"privacy-policy-p\"><span>Esta Pol\u00edtica de Cookies describe las pol\u00edticas de Psicopol formacion, SL, cl.&nbsp;Lola Massieu, 20, Las Palmas 35200, Espa\u00f1a, correo electr\u00f3nico: webmaster@psicopol.info, tel\u00e9fono: +34684058472 sobre la recopilaci\u00f3n, uso y divulgaci\u00f3n de su informaci\u00f3n que recopilamos cuando utiliza nuestro sitio web (https:\/\/psicopol.net) .&nbsp;(el servicio\u00bb).&nbsp;Al acceder o utilizar el Servicio, usted acepta la recopilaci\u00f3n, el uso y la divulgaci\u00f3n de su informaci\u00f3n de acuerdo con esta Pol\u00edtica de privacidad.&nbsp;Si no da su consentimiento, no acceda ni utilice el Servicio.<\/span><\/p>\n<p class=\"privacy-policy-p\"><span>Podemos modificar esta Pol\u00edtica de privacidad en cualquier momento sin previo aviso y publicaremos la Pol\u00edtica de privacidad revisada en el Servicio.&nbsp;La Pol\u00edtica revisada entrar\u00e1 en vigencia 180 d\u00edas despu\u00e9s de que la Pol\u00edtica revisada se publique en el Servicio y su acceso o uso continuo del Servicio despu\u00e9s de ese tiempo constituir\u00e1 su aceptaci\u00f3n de la Pol\u00edtica de privacidad revisada.&nbsp;Por lo tanto, le recomendamos que revise peri\u00f3dicamente esta p\u00e1gina.<\/span><\/p>\n<ol class=\"privacy-policy-ol\">\n<li>\n<h2 class=\"privacy-policy-h2\"><span>INFORMACI\u00d3N QUE RECOPILAMOS:<\/span><\/h2>\n<p class=\"privacy-policy-p\"><span>Recopilaremos y procesaremos la siguiente informaci\u00f3n personal sobre usted:<\/span><\/p>\n<ol class=\"privacy-policy-ol\">\n<li><span>Nombre<\/span><\/li>\n<li><span>Correo electr\u00f3nico<\/span><\/li>\n<li><span>M\u00f3vil<\/span><\/li>\n<li><span>DIRECCI\u00d3N<\/span><\/li>\n<li><span>Informaci\u00f3n de pago<\/span><\/li>\n<\/ol>\n<\/li>\n<li>\n<h2 class=\"privacy-policy-h2\"><span>C\u00d3MO USAMOS SU INFORMACI\u00d3N:<\/span><\/h2>\n<p class=\"privacy-policy-p\"><span>Usaremos la informaci\u00f3n que recopilamos sobre usted para los siguientes prop\u00f3sitos:<\/span><\/p>\n<ol class=\"privacy-policy-ol\">\n<li><span>informaci\u00f3n de administraci\u00f3n<\/span><\/li>\n<\/ol>\n<p class=\"privacy-policy-p\"><span>Si queremos usar su informaci\u00f3n para cualquier otro prop\u00f3sito, le pediremos su consentimiento y usaremos su informaci\u00f3n solo al recibir su consentimiento y luego, solo para los fines para los cuales otorgue el consentimiento, a menos que se nos solicite lo contrario por ley.<\/span><\/p>\n<\/li>\n<li>\n<h2 class=\"privacy-policy-h2\"><span>RETENCI\u00d3N DE SU INFORMACI\u00d3N:<\/span><\/h2>\n<p class=\"privacy-policy-p\"><span>Conservaremos su informaci\u00f3n personal con nosotros durante 90 d\u00edas a 2 a\u00f1os despu\u00e9s de que los usuarios cancelen sus cuentas o durante el tiempo que la necesitemos para cumplir con los fines para los que se recopil\u00f3, como se detalla en esta Pol\u00edtica de privacidad.&nbsp;Es posible que necesitemos conservar cierta informaci\u00f3n durante per\u00edodos m\u00e1s largos, como el mantenimiento de registros\/informes de acuerdo con la ley aplicable o por otras razones leg\u00edtimas, como el cumplimiento de los derechos legales, la prevenci\u00f3n del fraude, etc. Informaci\u00f3n an\u00f3nima residual e informaci\u00f3n agregada, ninguna de las cuales lo identifica (directa o indirectamente), puede almacenarse indefinidamente.<\/span><\/p>\n<\/li>\n<li>\n<h2 class=\"privacy-policy-h2\"><span>TUS DERECHOS:<\/span><\/h2>\n<p class=\"privacy-policy-p\"><span>Dependiendo de la ley que se aplique, puede tener derecho a acceder y rectificar o borrar sus datos personales o recibir una copia de sus datos personales, restringir u oponerse al procesamiento activo de sus datos, pedirnos que compartamos (portemos) su informaci\u00f3n personal informaci\u00f3n a otra entidad, retirar cualquier consentimiento que nos haya proporcionado para procesar sus datos, el derecho a presentar una queja ante una autoridad legal y cualquier otro derecho que pueda ser relevante seg\u00fan las leyes aplicables.&nbsp;Para ejercer estos derechos, puede escribirnos a webmaster@psicopol.info.&nbsp;Responderemos a su solicitud de acuerdo con la ley aplicable.<\/span><\/p>\n<p class=\"privacy-policy-p\"><span>Tenga en cuenta que si no nos permite recopilar o procesar la informaci\u00f3n personal requerida o retirar el consentimiento para procesar la misma para los fines requeridos, es posible que no pueda acceder o utilizar los servicios para los que se solicit\u00f3 su informaci\u00f3n.<\/span><\/p>\n<\/li>\n<li>\n<h2 class=\"privacy-policy-h2\"><span>GALLETAS ETC<\/span><\/h2>\n<p class=\"privacy-policy-p\"><span>Para obtener m\u00e1s informaci\u00f3n sobre c\u00f3mo usamos estos y sus opciones en relaci\u00f3n con estas tecnolog\u00edas de seguimiento, consulte nuestra&nbsp;<\/span><a href=\"https:\/\/psicopol.net\/politica-de-privacidad\"><span>Pol\u00edtica de cookies.<\/span><\/a><\/p>\n<\/li>\n<li>\n<h2 class=\"privacy-policy-h2\"><span>SEGURIDAD:<\/span><\/h2>\n<p class=\"privacy-policy-p\"><span>La seguridad de su informaci\u00f3n es importante para nosotros y utilizaremos medidas de seguridad razonables para evitar la p\u00e9rdida, mal uso o alteraci\u00f3n no autorizada de su informaci\u00f3n bajo nuestro control.&nbsp;Sin embargo, dados los riesgos inherentes, no podemos garantizar la seguridad absoluta y, en consecuencia, no podemos asegurar ni garantizar la seguridad de cualquier informaci\u00f3n que nos transmita y lo hace bajo su propio riesgo.<\/span><\/p>\n<\/li>\n<li>\n<h2 class=\"privacy-policy-h2\"><span>RESPONSABLE DE QUEJAS\/PROTECCI\u00d3N DE DATOS:<\/span><\/h2>\n<p class=\"privacy-policy-p\"><span>Si tiene alguna consulta o inquietud sobre el procesamiento de su informaci\u00f3n que est\u00e1 disponible con nosotros, puede enviar un correo electr\u00f3nico a nuestro Oficial de Quejas a Psicopol Formaci\u00f3n, SL, Cl.&nbsp;Lola Massieu, 20, correo electr\u00f3nico: webmaster@psicopol.info.&nbsp;Abordaremos sus inquietudes de acuerdo con la ley aplicable.<\/span><\/p>\n<\/li>\n<\/ol>\t\t\t\t\t\t\t\t<\/div>\n\t\t\t\t<\/div>\n\t\t\t\t\t<\/div>\n\t\t\t\t<\/div>\n\t\t\t\t<\/div>\n\t\t","protected":false},"excerpt":{"rendered":"<p>Esta Pol\u00edtica de Cookies describe las pol\u00edticas de Psicopol formacion, SL, cl.&nbsp;Lola Massieu, 20, Las Palmas 35200, Espa\u00f1a, correo electr\u00f3nico: [&hellip;]<\/p>\n","protected":false},"author":1,"featured_media":0,"parent":0,"menu_order":0,"comment_status":"closed","ping_status":"closed","template":"","meta":{"site-sidebar-layout":"default","site-content-layout":"","ast-site-content-layout":"","site-content-style":"default","site-sidebar-style":"default","ast-global-header-display":"","ast-banner-title-visibility":"","ast-main-header-display":"","ast-hfb-above-header-display":"","ast-hfb-below-header-display":"","ast-hfb-mobile-header-display":"","site-post-title":"","ast-breadcrumbs-content":"","ast-featured-img":"","footer-sml-layout":"","theme-transparent-header-meta":"","adv-header-id-meta":"","stick-header-meta":"","header-above-stick-meta":"","header-main-stick-meta":"","header-below-stick-meta":"","astra-migrate-meta-layouts":"default","ast-page-background-enabled":"default","ast-page-background-meta":{"desktop":{"background-color":"var(--ast-global-color-5)","background-image":"","background-repeat":"repeat","background-position":"center center","background-size":"auto","background-attachment":"scroll","background-type":"","background-media":"","overlay-type":"","overlay-color":"","overlay-opacity":"","overlay-gradient":""},"tablet":{"background-color":"","background-image":"","background-repeat":"repeat","background-position":"center center","background-size":"auto","background-attachment":"scroll","background-type":"","background-media":"","overlay-type":"","overlay-color":"","overlay-opacity":"","overlay-gradient":""},"mobile":{"background-color":"","background-image":"","background-repeat":"repeat","background-position":"center center","background-size":"auto","background-attachment":"scroll","background-type":"","background-media":"","overlay-type":"","overlay-color":"","overlay-opacity":"","overlay-gradient":""}},"ast-content-background-meta":{"desktop":{"background-color":"var(--ast-global-color-4)","background-image":"","background-repeat":"repeat","background-position":"center center","background-size":"auto","background-attachment":"scroll","background-type":"","background-media":"","overlay-type":"","overlay-color":"","overlay-opacity":"","overlay-gradient":""},"tablet":{"background-color":"var(--ast-global-color-4)","background-image":"","background-repeat":"repeat","background-position":"center center","background-size":"auto","background-attachment":"scroll","background-type":"","background-media":"","overlay-type":"","overlay-color":"","overlay-opacity":"","overlay-gradient":""},"mobile":{"background-color":"var(--ast-global-color-4)","background-image":"","background-repeat":"repeat","background-position":"center center","background-size":"auto","background-attachment":"scroll","background-type":"","background-media":"","overlay-type":"","overlay-color":"","overlay-opacity":"","overlay-gradient":""}},"courseId":0,"footnotes":""},"class_list":["post-174","page","type-page","status-publish","hentry"],"_links":{"self":[{"href":"https:\/\/psicopol.net\/index.php\/wp-json\/wp\/v2\/pages\/174","targetHints":{"allow":["GET"]}}],"collection":[{"href":"https:\/\/psicopol.net\/index.php\/wp-json\/wp\/v2\/pages"}],"about":[{"href":"https:\/\/psicopol.net\/index.php\/wp-json\/wp\/v2\/types\/page"}],"author":[{"embeddable":true,"href":"https:\/\/psicopol.net\/index.php\/wp-json\/wp\/v2\/users\/1"}],"replies":[{"embeddable":true,"href":"https:\/\/psicopol.net\/index.php\/wp-json\/wp\/v2\/comments?post=174"}],"version-history":[{"count":4,"href":"https:\/\/psicopol.net\/index.php\/wp-json\/wp\/v2\/pages\/174\/revisions"}],"predecessor-version":[{"id":178,"href":"https:\/\/psicopol.net\/index.php\/wp-json\/wp\/v2\/pages\/174\/revisions\/178"}],"wp:attachment":[{"href":"https:\/\/psicopol.net\/index.php\/wp-json\/wp\/v2\/media?parent=174"}],"curies":[{"name":"wp","href":"https:\/\/api.w.org\/{rel}","templated":true}]}}