{"id":2,"date":"2023-05-20T12:32:10","date_gmt":"2023-05-20T12:32:10","guid":{"rendered":"https:\/\/psicopol.net\/?page_id=2"},"modified":"2025-05-03T19:58:09","modified_gmt":"2025-05-03T19:58:09","slug":"quienes-somos","status":"publish","type":"page","link":"https:\/\/psicopol.net\/index.php\/quienes-somos\/","title":{"rendered":"Quienes somos"},"content":{"rendered":"\t\t<div data-elementor-type=\"wp-page\" data-elementor-id=\"2\" class=\"elementor elementor-2\" data-elementor-post-type=\"page\">\n\t\t\t\t\t\t<section class=\"elementor-section elementor-top-section elementor-element elementor-element-5e58153d elementor-section-boxed elementor-section-height-default elementor-section-height-default\" data-id=\"5e58153d\" data-element_type=\"section\">\n\t\t\t\t\t\t<div class=\"elementor-container elementor-column-gap-default\">\n\t\t\t\t\t<div class=\"elementor-column elementor-col-100 elementor-top-column elementor-element elementor-element-77d10fb3\" data-id=\"77d10fb3\" data-element_type=\"column\">\n\t\t\t<div class=\"elementor-widget-wrap elementor-element-populated\">\n\t\t\t\t\t\t<div class=\"elementor-element elementor-element-78296f73 elementor-widget elementor-widget-text-editor\" data-id=\"78296f73\" data-element_type=\"widget\" data-widget_type=\"text-editor.default\">\n\t\t\t\t<div class=\"elementor-widget-container\">\n\t\t\t\t\t\t\t\t\t\n<p>Psicopol, nace como peque\u00f1a academia de preparaci\u00f3n a nivel local all\u00e1 por el a\u00f1o 2006, comenzando con grupos reducidos y de preparaci\u00f3n para el CNP, ingreso a la Escala B\u00e1sica, y ascenso a las categor\u00edas de Oficial de Polic\u00eda y Subinspector. Hasta el a\u00f1o 2010 se mantiene en esa misma l\u00ednea, y se expande la formaci\u00f3n a nivel nacional, colaborando con una de las organizaciones sindicales mayoritarias dentro del CNP, formando a polic\u00edas nacionales que deciden prepararse para los diferentes ascensos dentro del cuerpo, y combin\u00e1ndolo con la formaci\u00f3n presencial para ingreso en la EB del CNP.<\/p>\n<p>A partir del a\u00f1o 2018, esa formaci\u00f3n para ingreso, amplia su \u00e1mbito de preparaci\u00f3n a mayor escala, comenzando la formaci\u00f3n a nivel nacional a trav\u00e9s de la modalidad online, y es en el a\u00f1o 2020, a ra\u00edz de la pandemia provocada por el COVID 19, cuando se da el salto definitivo a la formaci\u00f3n ONLINE, abarcando la toda la geograf\u00eda nacional, y empezando a darse a conocer a nivel nacional.<\/p>\n<p>A d\u00eda de hoy, PsicoPol, se ha convertido en una de las academias de referencia en la preparaci\u00f3n de los psicot\u00e9cnicos para el CNP, con casi 13 a\u00f1os a las espaldas dedicados a la formaci\u00f3n en todas sus vertientes, presencial y online, y en todas sus categor\u00edas y escalas.<\/p>\n<p>Detr\u00e1s de todo este entramado, tenemos a miembros del CNP con amplia trayectoria tanto en la carrera profesional, como en el mundo de la formaci\u00f3n, expertos inform\u00e1ticos que se encargan de dar la importancia que se le debe de dar a la formaci\u00f3n online, y un equipo de trabajo, en las facetas de la preparaci\u00f3n de las entrevistas y Biodata, con amplia trayectoria todos ellos en la \u201cgran familia azul\u201d y en el mundo de la formaci\u00f3n.<\/p>\n\t\t\t\t\t\t\t\t<\/div>\n\t\t\t\t<\/div>\n\t\t\t\t\t<\/div>\n\t\t<\/div>\n\t\t\t\t\t<\/div>\n\t\t<\/section>\n\t\t<div class=\"elementor-element elementor-element-8ef7ae7 e-flex e-con-boxed e-con e-parent\" data-id=\"8ef7ae7\" data-element_type=\"container\">\n\t\t\t\t\t<div class=\"e-con-inner\">\n\t\t\t\t<div class=\"elementor-element elementor-element-1a5a834 elementor-widget elementor-widget-heading\" data-id=\"1a5a834\" data-element_type=\"widget\" data-widget_type=\"heading.default\">\n\t\t\t\t<div class=\"elementor-widget-container\">\n\t\t\t\t\t<h2 class=\"elementor-heading-title elementor-size-default\">Nuestro equipo<\/h2>\t\t\t\t<\/div>\n\t\t\t\t<\/div>\n\t\t\t\t\t<\/div>\n\t\t\t\t<\/div>\n\t\t<div class=\"elementor-element elementor-element-604248a e-flex e-con-boxed e-con e-parent\" data-id=\"604248a\" data-element_type=\"container\">\n\t\t\t\t\t<div class=\"e-con-inner\">\n\t\t<div class=\"elementor-element elementor-element-0ce9371 e-con-full e-flex e-con e-child\" data-id=\"0ce9371\" data-element_type=\"container\">\n\t\t\t\t<div class=\"elementor-element elementor-element-c445f96 elementor-widget elementor-widget-testimonial\" data-id=\"c445f96\" data-element_type=\"widget\" data-widget_type=\"testimonial.default\">\n\t\t\t\t<div class=\"elementor-widget-container\">\n\t\t\t\t\t\t\t<div class=\"elementor-testimonial-wrapper\">\n\t\t\t\n\t\t\t\t\t\t<div class=\"elementor-testimonial-meta elementor-has-image elementor-testimonial-image-position-aside\">\n\t\t\t\t<div class=\"elementor-testimonial-meta-inner\">\n\t\t\t\t\t\t\t\t\t\t\t<div class=\"elementor-testimonial-image\">\n\t\t\t\t\t\t\t<img decoding=\"async\" width=\"147\" height=\"162\" src=\"https:\/\/psicopol.net\/wp-content\/uploads\/2025\/04\/foto-jose.png\" class=\"attachment-full size-full wp-image-11723\" alt=\"\" \/>\t\t\t\t\t\t<\/div>\n\t\t\t\t\t\n\t\t\t\t\t\t\t\t\t\t<div class=\"elementor-testimonial-details\">\n\t\t\t\t\t\t\t\t\t\t\t\t\t\t<div class=\"elementor-testimonial-name\">Alberto Luaces<\/div>\n\t\t\t\t\t\t\t\t\t\t\t\t\t\t\t\t\t\t\t\t\t\t<div class=\"elementor-testimonial-job\">CEO - Fundador y profesor<\/div>\n\t\t\t\t\t\t\t\t\t\t\t\t\t<\/div>\n\t\t\t\t\t\t\t\t\t<\/div>\n\t\t\t<\/div>\n\t\t\t\t\t<\/div>\n\t\t\t\t\t\t<\/div>\n\t\t\t\t<\/div>\n\t\t\t\t<\/div>\n\t\t<div class=\"elementor-element elementor-element-7183403 e-con-full e-flex e-con e-child\" data-id=\"7183403\" data-element_type=\"container\">\n\t\t\t\t<div class=\"elementor-element elementor-element-9aedca0 elementor-widget elementor-widget-testimonial\" data-id=\"9aedca0\" data-element_type=\"widget\" data-widget_type=\"testimonial.default\">\n\t\t\t\t<div class=\"elementor-widget-container\">\n\t\t\t\t\t\t\t<div class=\"elementor-testimonial-wrapper\">\n\t\t\t\n\t\t\t\t\t\t<div class=\"elementor-testimonial-meta elementor-has-image elementor-testimonial-image-position-aside\">\n\t\t\t\t<div class=\"elementor-testimonial-meta-inner\">\n\t\t\t\t\t\t\t\t\t\t\t<div class=\"elementor-testimonial-image\">\n\t\t\t\t\t\t\t<img fetchpriority=\"high\" decoding=\"async\" width=\"956\" height=\"960\" src=\"https:\/\/psicopol.net\/wp-content\/uploads\/2025\/04\/yomisma5.jpg\" class=\"attachment-full size-full wp-image-11724\" alt=\"\" srcset=\"https:\/\/psicopol.net\/wp-content\/uploads\/2025\/04\/yomisma5.jpg 956w, https:\/\/psicopol.net\/wp-content\/uploads\/2025\/04\/yomisma5-300x300.jpg 300w, https:\/\/psicopol.net\/wp-content\/uploads\/2025\/04\/yomisma5-150x150.jpg 150w, https:\/\/psicopol.net\/wp-content\/uploads\/2025\/04\/yomisma5-768x771.jpg 768w, https:\/\/psicopol.net\/wp-content\/uploads\/2025\/04\/yomisma5-600x603.jpg 600w, https:\/\/psicopol.net\/wp-content\/uploads\/2025\/04\/yomisma5-100x100.jpg 100w\" sizes=\"(max-width: 956px) 100vw, 956px\" \/>\t\t\t\t\t\t<\/div>\n\t\t\t\t\t\n\t\t\t\t\t\t\t\t\t\t<div class=\"elementor-testimonial-details\">\n\t\t\t\t\t\t\t\t\t\t\t\t\t\t<div class=\"elementor-testimonial-name\">Nuria Luaces<\/div>\n\t\t\t\t\t\t\t\t\t\t\t\t\t\t\t\t\t\t\t\t\t\t<div class=\"elementor-testimonial-job\">CIO -Webmaster y Gesti\u00f3n.<\/div>\n\t\t\t\t\t\t\t\t\t\t\t\t\t<\/div>\n\t\t\t\t\t\t\t\t\t<\/div>\n\t\t\t<\/div>\n\t\t\t\t\t<\/div>\n\t\t\t\t\t\t<\/div>\n\t\t\t\t<\/div>\n\t\t\t\t<\/div>\n\t\t\t\t\t<\/div>\n\t\t\t\t<\/div>\n\t\t<div class=\"elementor-element elementor-element-9c6c237 e-flex e-con-boxed e-con e-parent\" data-id=\"9c6c237\" data-element_type=\"container\">\n\t\t\t\t\t<div class=\"e-con-inner\">\n\t\t<div class=\"elementor-element elementor-element-0d93a88 e-con-full e-flex e-con e-child\" data-id=\"0d93a88\" data-element_type=\"container\">\n\t\t\t\t<div class=\"elementor-element elementor-element-bb2c8e5 elementor-widget elementor-widget-testimonial\" data-id=\"bb2c8e5\" data-element_type=\"widget\" data-widget_type=\"testimonial.default\">\n\t\t\t\t<div class=\"elementor-widget-container\">\n\t\t\t\t\t\t\t<div class=\"elementor-testimonial-wrapper\">\n\t\t\t\n\t\t\t\t\t\t<div class=\"elementor-testimonial-meta elementor-has-image elementor-testimonial-image-position-aside\">\n\t\t\t\t<div class=\"elementor-testimonial-meta-inner\">\n\t\t\t\t\t\t\t\t\t\t\t<div class=\"elementor-testimonial-image\">\n\t\t\t\t\t\t\t<img decoding=\"async\" width=\"512\" height=\"512\" src=\"https:\/\/psicopol.net\/wp-content\/uploads\/2023\/05\/cropped-cropped-lg-psicopol-peq.png\" class=\"attachment-full size-full wp-image-11454\" alt=\"\" srcset=\"https:\/\/psicopol.net\/wp-content\/uploads\/2023\/05\/cropped-cropped-lg-psicopol-peq.png 512w, https:\/\/psicopol.net\/wp-content\/uploads\/2023\/05\/cropped-cropped-lg-psicopol-peq-300x300.png 300w, https:\/\/psicopol.net\/wp-content\/uploads\/2023\/05\/cropped-cropped-lg-psicopol-peq-150x150.png 150w, https:\/\/psicopol.net\/wp-content\/uploads\/2023\/05\/cropped-cropped-lg-psicopol-peq-100x100.png 100w, https:\/\/psicopol.net\/wp-content\/uploads\/2023\/05\/cropped-cropped-lg-psicopol-peq-270x270.png 270w, https:\/\/psicopol.net\/wp-content\/uploads\/2023\/05\/cropped-cropped-lg-psicopol-peq-192x192.png 192w, https:\/\/psicopol.net\/wp-content\/uploads\/2023\/05\/cropped-cropped-lg-psicopol-peq-180x180.png 180w, https:\/\/psicopol.net\/wp-content\/uploads\/2023\/05\/cropped-cropped-lg-psicopol-peq-32x32.png 32w\" sizes=\"(max-width: 512px) 100vw, 512px\" \/>\t\t\t\t\t\t<\/div>\n\t\t\t\t\t\n\t\t\t\t\t\t\t\t\t\t<div class=\"elementor-testimonial-details\">\n\t\t\t\t\t\t\t\t\t\t\t\t\t\t<div class=\"elementor-testimonial-name\">A.P.C.<\/div>\n\t\t\t\t\t\t\t\t\t\t\t\t\t\t\t\t\t\t\t\t\t\t<div class=\"elementor-testimonial-job\">Preparador de entrevistas<\/div>\n\t\t\t\t\t\t\t\t\t\t\t\t\t<\/div>\n\t\t\t\t\t\t\t\t\t<\/div>\n\t\t\t<\/div>\n\t\t\t\t\t<\/div>\n\t\t\t\t\t\t<\/div>\n\t\t\t\t<\/div>\n\t\t\t\t<\/div>\n\t\t<div class=\"elementor-element elementor-element-d5a076c e-con-full e-flex e-con e-child\" data-id=\"d5a076c\" data-element_type=\"container\">\n\t\t\t\t<div class=\"elementor-element elementor-element-a5d8ee3 elementor-widget elementor-widget-testimonial\" data-id=\"a5d8ee3\" data-element_type=\"widget\" data-widget_type=\"testimonial.default\">\n\t\t\t\t<div class=\"elementor-widget-container\">\n\t\t\t\t\t\t\t<div class=\"elementor-testimonial-wrapper\">\n\t\t\t\n\t\t\t\t\t\t<div class=\"elementor-testimonial-meta elementor-has-image elementor-testimonial-image-position-aside\">\n\t\t\t\t<div class=\"elementor-testimonial-meta-inner\">\n\t\t\t\t\t\t\t\t\t\t\t<div class=\"elementor-testimonial-image\">\n\t\t\t\t\t\t\t<img decoding=\"async\" width=\"512\" height=\"512\" src=\"https:\/\/psicopol.net\/wp-content\/uploads\/2023\/05\/cropped-cropped-lg-psicopol-peq.png\" class=\"attachment-full size-full wp-image-11454\" alt=\"\" srcset=\"https:\/\/psicopol.net\/wp-content\/uploads\/2023\/05\/cropped-cropped-lg-psicopol-peq.png 512w, https:\/\/psicopol.net\/wp-content\/uploads\/2023\/05\/cropped-cropped-lg-psicopol-peq-300x300.png 300w, https:\/\/psicopol.net\/wp-content\/uploads\/2023\/05\/cropped-cropped-lg-psicopol-peq-150x150.png 150w, https:\/\/psicopol.net\/wp-content\/uploads\/2023\/05\/cropped-cropped-lg-psicopol-peq-100x100.png 100w, https:\/\/psicopol.net\/wp-content\/uploads\/2023\/05\/cropped-cropped-lg-psicopol-peq-270x270.png 270w, https:\/\/psicopol.net\/wp-content\/uploads\/2023\/05\/cropped-cropped-lg-psicopol-peq-192x192.png 192w, https:\/\/psicopol.net\/wp-content\/uploads\/2023\/05\/cropped-cropped-lg-psicopol-peq-180x180.png 180w, https:\/\/psicopol.net\/wp-content\/uploads\/2023\/05\/cropped-cropped-lg-psicopol-peq-32x32.png 32w\" sizes=\"(max-width: 512px) 100vw, 512px\" \/>\t\t\t\t\t\t<\/div>\n\t\t\t\t\t\n\t\t\t\t\t\t\t\t\t\t<div class=\"elementor-testimonial-details\">\n\t\t\t\t\t\t\t\t\t\t\t\t\t\t<div class=\"elementor-testimonial-name\">A.C.S.<\/div>\n\t\t\t\t\t\t\t\t\t\t\t\t\t\t\t\t\t\t\t\t\t\t<div class=\"elementor-testimonial-job\">Preparadora de entrevistas<\/div>\n\t\t\t\t\t\t\t\t\t\t\t\t\t<\/div>\n\t\t\t\t\t\t\t\t\t<\/div>\n\t\t\t<\/div>\n\t\t\t\t\t<\/div>\n\t\t\t\t\t\t<\/div>\n\t\t\t\t<\/div>\n\t\t\t\t<\/div>\n\t\t\t\t\t<\/div>\n\t\t\t\t<\/div>\n\t\t\t\t<\/div>\n\t\t","protected":false},"excerpt":{"rendered":"<p>Psicopol, nace como peque\u00f1a academia de preparaci\u00f3n a nivel local all\u00e1 por el a\u00f1o 2006, comenzando con grupos reducidos y [&hellip;]<\/p>\n","protected":false},"author":1,"featured_media":0,"parent":0,"menu_order":0,"comment_status":"closed","ping_status":"closed","template":"","meta":{"site-sidebar-layout":"default","site-content-layout":"","ast-site-content-layout":"","site-content-style":"default","site-sidebar-style":"default","ast-global-header-display":"","ast-banner-title-visibility":"","ast-main-header-display":"","ast-hfb-above-header-display":"","ast-hfb-below-header-display":"","ast-hfb-mobile-header-display":"","site-post-title":"","ast-breadcrumbs-content":"","ast-featured-img":"","footer-sml-layout":"","theme-transparent-header-meta":"","adv-header-id-meta":"","stick-header-meta":"","header-above-stick-meta":"","header-main-stick-meta":"","header-below-stick-meta":"","astra-migrate-meta-layouts":"default","ast-page-background-enabled":"default","ast-page-background-meta":{"desktop":{"background-color":"var(--ast-global-color-5)","background-image":"","background-repeat":"repeat","background-position":"center center","background-size":"auto","background-attachment":"scroll","background-type":"","background-media":"","overlay-type":"","overlay-color":"","overlay-opacity":"","overlay-gradient":""},"tablet":{"background-color":"","background-image":"","background-repeat":"repeat","background-position":"center center","background-size":"auto","background-attachment":"scroll","background-type":"","background-media":"","overlay-type":"","overlay-color":"","overlay-opacity":"","overlay-gradient":""},"mobile":{"background-color":"","background-image":"","background-repeat":"repeat","background-position":"center center","background-size":"auto","background-attachment":"scroll","background-type":"","background-media":"","overlay-type":"","overlay-color":"","overlay-opacity":"","overlay-gradient":""}},"ast-content-background-meta":{"desktop":{"background-color":"var(--ast-global-color-4)","background-image":"","background-repeat":"repeat","background-position":"center center","background-size":"auto","background-attachment":"scroll","background-type":"","background-media":"","overlay-type":"","overlay-color":"","overlay-opacity":"","overlay-gradient":""},"tablet":{"background-color":"var(--ast-global-color-4)","background-image":"","background-repeat":"repeat","background-position":"center center","background-size":"auto","background-attachment":"scroll","background-type":"","background-media":"","overlay-type":"","overlay-color":"","overlay-opacity":"","overlay-gradient":""},"mobile":{"background-color":"var(--ast-global-color-4)","background-image":"","background-repeat":"repeat","background-position":"center center","background-size":"auto","background-attachment":"scroll","background-type":"","background-media":"","overlay-type":"","overlay-color":"","overlay-opacity":"","overlay-gradient":""}},"courseId":0,"footnotes":""},"class_list":["post-2","page","type-page","status-publish","hentry"],"_links":{"self":[{"href":"https:\/\/psicopol.net\/index.php\/wp-json\/wp\/v2\/pages\/2","targetHints":{"allow":["GET"]}}],"collection":[{"href":"https:\/\/psicopol.net\/index.php\/wp-json\/wp\/v2\/pages"}],"about":[{"href":"https:\/\/psicopol.net\/index.php\/wp-json\/wp\/v2\/types\/page"}],"author":[{"embeddable":true,"href":"https:\/\/psicopol.net\/index.php\/wp-json\/wp\/v2\/users\/1"}],"replies":[{"embeddable":true,"href":"https:\/\/psicopol.net\/index.php\/wp-json\/wp\/v2\/comments?post=2"}],"version-history":[{"count":30,"href":"https:\/\/psicopol.net\/index.php\/wp-json\/wp\/v2\/pages\/2\/revisions"}],"predecessor-version":[{"id":12152,"href":"https:\/\/psicopol.net\/index.php\/wp-json\/wp\/v2\/pages\/2\/revisions\/12152"}],"wp:attachment":[{"href":"https:\/\/psicopol.net\/index.php\/wp-json\/wp\/v2\/media?parent=2"}],"curies":[{"name":"wp","href":"https:\/\/api.w.org\/{rel}","templated":true}]}}